{"id":1078,"date":"2024-01-19T13:10:33","date_gmt":"2024-01-19T13:10:33","guid":{"rendered":"http:\/\/dcm.local\/kontakt\/"},"modified":"2026-03-13T17:11:20","modified_gmt":"2026-03-13T17:11:20","slug":"kontakt","status":"publish","type":"page","link":"https:\/\/www.discovercarmarket.com\/sl\/kontakt\/","title":{"rendered":"Kontakt"},"content":{"rendered":"<div class=\"gb-container gb-container-93dad1bb contact-bg alignfull\">\n<div class=\"gb-container gb-container-13064f60\">\n<div class=\"gb-grid-wrapper gb-grid-wrapper-9f90da76\">\n<div class=\"gb-grid-column gb-grid-column-bd3b51ab\"><div class=\"gb-container gb-container-bd3b51ab\">\n\n<h2 class=\"gb-headline gb-headline-04a28070 gb-headline-text\">Kontaktiraj nas<\/h2>\n\n\n\n<div class=\"wp-block-contact-form-7-contact-form-selector\">\n<div class=\"wpcf7 no-js\" id=\"wpcf7-f1095-o1\" lang=\"sl-SI\" dir=\"ltr\" data-wpcf7-id=\"1095\">\n<div class=\"screen-reader-response\"><p role=\"status\" aria-live=\"polite\" aria-atomic=\"true\"><\/p> <ul><\/ul><\/div>\n<form action=\"\/sl\/wp-json\/wp\/v2\/pages\/1078#wpcf7-f1095-o1\" method=\"post\" class=\"wpcf7-form init\" aria-label=\"Kontaktni obrazec\" novalidate=\"novalidate\" data-status=\"init\">\n<fieldset class=\"hidden-fields-container\"><input type=\"hidden\" name=\"_wpcf7\" value=\"1095\" \/><input type=\"hidden\" name=\"_wpcf7_version\" value=\"6.1.5\" \/><input type=\"hidden\" name=\"_wpcf7_locale\" value=\"sl_SI\" \/><input type=\"hidden\" name=\"_wpcf7_unit_tag\" value=\"wpcf7-f1095-o1\" \/><input type=\"hidden\" name=\"_wpcf7_container_post\" value=\"0\" \/><input type=\"hidden\" name=\"_wpcf7_posted_data_hash\" value=\"\" \/><input type=\"hidden\" name=\"_wpcf7_recaptcha_response\" value=\"\" \/>\n<\/fieldset>\n<p><label> Ime in priimek<br \/>\n<span class=\"wpcf7-form-control-wrap\" data-name=\"your-name\"><input size=\"40\" maxlength=\"400\" class=\"wpcf7-form-control wpcf7-text wpcf7-validates-as-required\" autocomplete=\"name\" aria-required=\"true\" aria-invalid=\"false\" value=\"\" type=\"text\" name=\"your-name\" \/><\/span> <\/label>\n<\/p>\n<p><label> Email<br \/>\n<span class=\"wpcf7-form-control-wrap\" data-name=\"your-email\"><input size=\"40\" maxlength=\"400\" class=\"wpcf7-form-control wpcf7-email wpcf7-validates-as-required wpcf7-text wpcf7-validates-as-email\" autocomplete=\"email\" aria-required=\"true\" aria-invalid=\"false\" value=\"\" type=\"email\" name=\"your-email\" \/><\/span> <\/label>\n<\/p>\n<p><label> Sporo\u010dilo<br \/>\n<span class=\"wpcf7-form-control-wrap\" data-name=\"your-message\"><textarea cols=\"40\" rows=\"10\" maxlength=\"2000\" class=\"wpcf7-form-control wpcf7-textarea\" aria-invalid=\"false\" name=\"your-message\"><\/textarea><\/span> <\/label><br \/>\n<input type=\"hidden\" name=\"mc4wp-subscribe\" value=\"1\" class=\"hidden-input\" \/><br \/>\n<span class=\"wpcf7-form-control-wrap\" data-name=\"agree\"><span class=\"wpcf7-form-control wpcf7-acceptance\"><span class=\"wpcf7-list-item\"><input type=\"checkbox\" name=\"agree\" value=\"1\" aria-invalid=\"false\" \/><\/span><\/span><\/span> Strinjam se, da Preskok d.o.o. hrani osebne podatke na obrazcu za notranjo uporabo in komunikacijo za namene predlo\u017eene zahteve.\n<\/p>\n<p class=\"contact-button\"><span class=\"gb-button gb-button-primary-button\"><input class=\"wpcf7-form-control wpcf7-submit has-spinner\" type=\"submit\" value=\"PO\u0160LJI\" \/><\/span>\n<\/p>\n<div class=\"visible-only-if-valid\">\n\t<h3>Hvala!\n\t<\/h3>\n\t<p>Va\u0161e sporo\u010dilo je bilo uspe\u0161no poslano.\n\t<\/p>\n\t<p><span class=\"gb-icon\"><svg xmlns=\"http:\/\/www.w3.org\/2000\/svg\" aria-hidden=\"true\" role=\"img\" height=\"1em\" width=\"1em\" viewbox=\"0 0 512 512\"><path fill=\"currentColor\" d=\"M256 8C119.033 8 8 119.033 8 256s111.033 248 248 248 248-111.033 248-248S392.967 8 256 8zm0 48c110.532 0 200 89.451 200 200 0 110.532-89.451 200-200 200-110.532 0-200-89.451-200-200 0-110.532 89.451-200 200-200m140.204 130.267l-22.536-22.718c-4.667-4.705-12.265-4.736-16.97-.068L215.346 303.697l-59.792-60.277c-4.667-4.705-12.265-4.736-16.97-.069l-22.719 22.536c-4.705 4.667-4.736 12.265-.068 16.971l90.781 91.516c4.667 4.705 12.265 4.736 16.97.068l172.589-171.204c4.704-4.668 4.734-12.266.067-16.971z\"><\/path><\/svg><\/span>\n\t<\/p>\n\t<div class=\"redirect-message\">\n\t\t<p>Preusmeritev na prvo stran... <span>10<\/span>s\n\t\t<\/p>\n\t<\/div>\n<\/div><div class=\"wpcf7-response-output\" aria-hidden=\"true\"><\/div>\n<\/form>\n<\/div>\n<\/div>\n\n<\/div><\/div>\n\n<div class=\"gb-grid-column gb-grid-column-d401dba6\"><div class=\"gb-container gb-container-d401dba6\">\n\n<p class=\"gb-headline gb-headline-fb75cddd gb-headline-text\">U\u010dinkovita funkcija filtriranja podatkov v DCM vam omogo\u010da prepoznavanje nihanj v prodaji, nastajajo\u010dih trendov in potreb kupcev. To je klju\u010dno za prilagajanje in uvajanje novih poslovnih modelov, kar vam daje konkuren\u010dno prednost.<\/p>\n\n\n\n<p class=\"gb-headline gb-headline-702d9992 gb-headline-text\">DCM, ki deluje ob pomo\u010di napredne umetne inteligence in strojnega u\u010denja, ponuja obse\u017eno bazo podatkov o vozilih po vsej Evropi. Zagotavlja a\u017eurne in natan\u010dne informacije o trgu, kar pomaga razli\u010dnim dele\u017enikom pri sprejemanju pravih odlo\u010ditev.<\/p>\n\n\n\n<figure class=\"gb-block-image gb-block-image-f0849d25\"><img loading=\"lazy\" decoding=\"async\" width=\"431\" height=\"427\" class=\"gb-image gb-image-f0849d25\" src=\"https:\/\/www.discovercarmarket.com\/wp-content\/uploads\/2024\/01\/Frame-427319047-1.png\" alt=\"\" title=\"Frame-427319047-1\" srcset=\"https:\/\/www.discovercarmarket.com\/wp-content\/uploads\/2024\/01\/Frame-427319047-1.png 431w, https:\/\/www.discovercarmarket.com\/wp-content\/uploads\/2024\/01\/Frame-427319047-1-394x390.png 394w, https:\/\/www.discovercarmarket.com\/wp-content\/uploads\/2024\/01\/Frame-427319047-1-150x150.png 150w\" sizes=\"auto, (max-width: 431px) 100vw, 431px\" \/><\/figure>\n\n<\/div><\/div>\n<\/div>\n<\/div>\n<\/div>","protected":false},"excerpt":{"rendered":"","protected":false},"author":1,"featured_media":0,"parent":0,"menu_order":0,"comment_status":"closed","ping_status":"closed","template":"","meta":{"_acf_changed":false,"footnotes":""},"class_list":["post-1078","page","type-page","status-publish"],"acf":[],"yoast_head":"<!-- This site is optimized with the Yoast SEO plugin v27.4 - https:\/\/yoast.com\/product\/yoast-seo-wordpress\/ -->\n<title>Kontakt - Discover Car Market<\/title>\n<meta name=\"robots\" content=\"index, follow, max-snippet:-1, max-image-preview:large, max-video-preview:-1\" \/>\n<link rel=\"canonical\" href=\"https:\/\/www.discovercarmarket.com\/sl\/kontakt\/\" \/>\n<meta property=\"og:locale\" content=\"sl_SI\" \/>\n<meta property=\"og:type\" content=\"article\" \/>\n<meta property=\"og:title\" content=\"Kontakt - Discover Car Market\" \/>\n<meta property=\"og:url\" content=\"https:\/\/www.discovercarmarket.com\/sl\/kontakt\/\" \/>\n<meta property=\"og:site_name\" content=\"Discover Car Market\" \/>\n<meta property=\"article:modified_time\" content=\"2026-03-13T17:11:20+00:00\" \/>\n<meta property=\"og:image\" content=\"https:\/\/www.discovercarmarket.com\/wp-content\/uploads\/2024\/01\/Frame-427319047-1.png\" \/>\n<meta name=\"twitter:card\" content=\"summary_large_image\" \/>\n<meta name=\"twitter:label1\" content=\"Est. reading time\" \/>\n\t<meta name=\"twitter:data1\" content=\"1 minuta\" \/>\n<script type=\"application\/ld+json\" class=\"yoast-schema-graph\">{\"@context\":\"https:\\\/\\\/schema.org\",\"@graph\":[{\"@type\":\"WebPage\",\"@id\":\"https:\\\/\\\/www.discovercarmarket.com\\\/sl\\\/kontakt\\\/\",\"url\":\"https:\\\/\\\/www.discovercarmarket.com\\\/sl\\\/kontakt\\\/\",\"name\":\"Kontakt - Discover Car Market\",\"isPartOf\":{\"@id\":\"https:\\\/\\\/www.discovercarmarket.com\\\/sl\\\/#website\"},\"primaryImageOfPage\":{\"@id\":\"https:\\\/\\\/www.discovercarmarket.com\\\/sl\\\/kontakt\\\/#primaryimage\"},\"image\":{\"@id\":\"https:\\\/\\\/www.discovercarmarket.com\\\/sl\\\/kontakt\\\/#primaryimage\"},\"thumbnailUrl\":\"https:\\\/\\\/www.discovercarmarket.com\\\/wp-content\\\/uploads\\\/2024\\\/01\\\/Frame-427319047-1.png\",\"datePublished\":\"2024-01-19T13:10:33+00:00\",\"dateModified\":\"2026-03-13T17:11:20+00:00\",\"breadcrumb\":{\"@id\":\"https:\\\/\\\/www.discovercarmarket.com\\\/sl\\\/kontakt\\\/#breadcrumb\"},\"inLanguage\":\"sl-SI\",\"potentialAction\":[{\"@type\":\"ReadAction\",\"target\":[\"https:\\\/\\\/www.discovercarmarket.com\\\/sl\\\/kontakt\\\/\"]}]},{\"@type\":\"ImageObject\",\"inLanguage\":\"sl-SI\",\"@id\":\"https:\\\/\\\/www.discovercarmarket.com\\\/sl\\\/kontakt\\\/#primaryimage\",\"url\":\"https:\\\/\\\/www.discovercarmarket.com\\\/wp-content\\\/uploads\\\/2024\\\/01\\\/Frame-427319047-1.png\",\"contentUrl\":\"https:\\\/\\\/www.discovercarmarket.com\\\/wp-content\\\/uploads\\\/2024\\\/01\\\/Frame-427319047-1.png\"},{\"@type\":\"BreadcrumbList\",\"@id\":\"https:\\\/\\\/www.discovercarmarket.com\\\/sl\\\/kontakt\\\/#breadcrumb\",\"itemListElement\":[{\"@type\":\"ListItem\",\"position\":1,\"name\":\"Home\",\"item\":\"https:\\\/\\\/www.discovercarmarket.com\\\/sl\\\/\"},{\"@type\":\"ListItem\",\"position\":2,\"name\":\"Kontakt\"}]},{\"@type\":\"WebSite\",\"@id\":\"https:\\\/\\\/www.discovercarmarket.com\\\/sl\\\/#website\",\"url\":\"https:\\\/\\\/www.discovercarmarket.com\\\/sl\\\/\",\"name\":\"Discover Car Market\",\"description\":\"\",\"publisher\":{\"@id\":\"https:\\\/\\\/www.discovercarmarket.com\\\/sl\\\/#organization\"},\"potentialAction\":[{\"@type\":\"SearchAction\",\"target\":{\"@type\":\"EntryPoint\",\"urlTemplate\":\"https:\\\/\\\/www.discovercarmarket.com\\\/sl\\\/?s={search_term_string}\"},\"query-input\":{\"@type\":\"PropertyValueSpecification\",\"valueRequired\":true,\"valueName\":\"search_term_string\"}}],\"inLanguage\":\"sl-SI\"},{\"@type\":\"Organization\",\"@id\":\"https:\\\/\\\/www.discovercarmarket.com\\\/sl\\\/#organization\",\"name\":\"Discover Car Market\",\"url\":\"https:\\\/\\\/www.discovercarmarket.com\\\/sl\\\/\",\"logo\":{\"@type\":\"ImageObject\",\"inLanguage\":\"sl-SI\",\"@id\":\"https:\\\/\\\/www.discovercarmarket.com\\\/sl\\\/#\\\/schema\\\/logo\\\/image\\\/\",\"url\":\"https:\\\/\\\/www.discovercarmarket.com\\\/wp-content\\\/uploads\\\/2024\\\/01\\\/logo_dcm.png\",\"contentUrl\":\"https:\\\/\\\/www.discovercarmarket.com\\\/wp-content\\\/uploads\\\/2024\\\/01\\\/logo_dcm.png\",\"width\":376,\"height\":133,\"caption\":\"Discover Car Market\"},\"image\":{\"@id\":\"https:\\\/\\\/www.discovercarmarket.com\\\/sl\\\/#\\\/schema\\\/logo\\\/image\\\/\"}}]}<\/script>\n<!-- \/ Yoast SEO plugin. -->","yoast_head_json":{"title":"Kontakt - Discover Car Market","robots":{"index":"index","follow":"follow","max-snippet":"max-snippet:-1","max-image-preview":"max-image-preview:large","max-video-preview":"max-video-preview:-1"},"canonical":"https:\/\/www.discovercarmarket.com\/sl\/kontakt\/","og_locale":"sl_SI","og_type":"article","og_title":"Kontakt - Discover Car Market","og_url":"https:\/\/www.discovercarmarket.com\/sl\/kontakt\/","og_site_name":"Discover Car Market","article_modified_time":"2026-03-13T17:11:20+00:00","og_image":[{"url":"https:\/\/www.discovercarmarket.com\/wp-content\/uploads\/2024\/01\/Frame-427319047-1.png","type":"","width":"","height":""}],"twitter_card":"summary_large_image","twitter_misc":{"Est. reading time":"1 minuta"},"schema":{"@context":"https:\/\/schema.org","@graph":[{"@type":"WebPage","@id":"https:\/\/www.discovercarmarket.com\/sl\/kontakt\/","url":"https:\/\/www.discovercarmarket.com\/sl\/kontakt\/","name":"Kontakt - Discover Car Market","isPartOf":{"@id":"https:\/\/www.discovercarmarket.com\/sl\/#website"},"primaryImageOfPage":{"@id":"https:\/\/www.discovercarmarket.com\/sl\/kontakt\/#primaryimage"},"image":{"@id":"https:\/\/www.discovercarmarket.com\/sl\/kontakt\/#primaryimage"},"thumbnailUrl":"https:\/\/www.discovercarmarket.com\/wp-content\/uploads\/2024\/01\/Frame-427319047-1.png","datePublished":"2024-01-19T13:10:33+00:00","dateModified":"2026-03-13T17:11:20+00:00","breadcrumb":{"@id":"https:\/\/www.discovercarmarket.com\/sl\/kontakt\/#breadcrumb"},"inLanguage":"sl-SI","potentialAction":[{"@type":"ReadAction","target":["https:\/\/www.discovercarmarket.com\/sl\/kontakt\/"]}]},{"@type":"ImageObject","inLanguage":"sl-SI","@id":"https:\/\/www.discovercarmarket.com\/sl\/kontakt\/#primaryimage","url":"https:\/\/www.discovercarmarket.com\/wp-content\/uploads\/2024\/01\/Frame-427319047-1.png","contentUrl":"https:\/\/www.discovercarmarket.com\/wp-content\/uploads\/2024\/01\/Frame-427319047-1.png"},{"@type":"BreadcrumbList","@id":"https:\/\/www.discovercarmarket.com\/sl\/kontakt\/#breadcrumb","itemListElement":[{"@type":"ListItem","position":1,"name":"Home","item":"https:\/\/www.discovercarmarket.com\/sl\/"},{"@type":"ListItem","position":2,"name":"Kontakt"}]},{"@type":"WebSite","@id":"https:\/\/www.discovercarmarket.com\/sl\/#website","url":"https:\/\/www.discovercarmarket.com\/sl\/","name":"Discover Car Market","description":"","publisher":{"@id":"https:\/\/www.discovercarmarket.com\/sl\/#organization"},"potentialAction":[{"@type":"SearchAction","target":{"@type":"EntryPoint","urlTemplate":"https:\/\/www.discovercarmarket.com\/sl\/?s={search_term_string}"},"query-input":{"@type":"PropertyValueSpecification","valueRequired":true,"valueName":"search_term_string"}}],"inLanguage":"sl-SI"},{"@type":"Organization","@id":"https:\/\/www.discovercarmarket.com\/sl\/#organization","name":"Discover Car Market","url":"https:\/\/www.discovercarmarket.com\/sl\/","logo":{"@type":"ImageObject","inLanguage":"sl-SI","@id":"https:\/\/www.discovercarmarket.com\/sl\/#\/schema\/logo\/image\/","url":"https:\/\/www.discovercarmarket.com\/wp-content\/uploads\/2024\/01\/logo_dcm.png","contentUrl":"https:\/\/www.discovercarmarket.com\/wp-content\/uploads\/2024\/01\/logo_dcm.png","width":376,"height":133,"caption":"Discover Car Market"},"image":{"@id":"https:\/\/www.discovercarmarket.com\/sl\/#\/schema\/logo\/image\/"}}]}},"_links":{"self":[{"href":"https:\/\/www.discovercarmarket.com\/sl\/wp-json\/wp\/v2\/pages\/1078","targetHints":{"allow":["GET"]}}],"collection":[{"href":"https:\/\/www.discovercarmarket.com\/sl\/wp-json\/wp\/v2\/pages"}],"about":[{"href":"https:\/\/www.discovercarmarket.com\/sl\/wp-json\/wp\/v2\/types\/page"}],"author":[{"embeddable":true,"href":"https:\/\/www.discovercarmarket.com\/sl\/wp-json\/wp\/v2\/users\/1"}],"replies":[{"embeddable":true,"href":"https:\/\/www.discovercarmarket.com\/sl\/wp-json\/wp\/v2\/comments?post=1078"}],"version-history":[{"count":2,"href":"https:\/\/www.discovercarmarket.com\/sl\/wp-json\/wp\/v2\/pages\/1078\/revisions"}],"predecessor-version":[{"id":1264,"href":"https:\/\/www.discovercarmarket.com\/sl\/wp-json\/wp\/v2\/pages\/1078\/revisions\/1264"}],"wp:attachment":[{"href":"https:\/\/www.discovercarmarket.com\/sl\/wp-json\/wp\/v2\/media?parent=1078"}],"curies":[{"name":"wp","href":"https:\/\/api.w.org\/{rel}","templated":true}]}}